{"id":326,"date":"2021-03-23T14:22:35","date_gmt":"2021-03-23T14:22:35","guid":{"rendered":"https:\/\/elalmacendetubodega.com\/mercado\/?page_id=326"},"modified":"2021-03-23T15:06:11","modified_gmt":"2021-03-23T15:06:11","slug":"mercado-de-ocasion","status":"publish","type":"page","link":"https:\/\/elalmacendetubodega.com\/mercado\/mercado-de-ocasion","title":{"rendered":"MERCADO DE OCASI\u00d3N"},"content":{"rendered":"\n<p class=\"has-text-align-left has-text-color has-large-font-size\" style=\"color:#8d0d7c\"><strong>ODRACIR Rioja Alavesa, SLU<\/strong><\/p>\n\n\n\n<p class=\"has-text-align-left has-medium-font-size\">Somos una empresa joven y din\u00e1mica que se adapta a las necesidades de sus clientes. Nos dedicamos a la venta y reparaci\u00f3n de todo tipo de productos y servicios que necesita una bodega. Le hacemos llegar su producto o servicio con la celeridad que usted necesite. Tambi\u00e9n contamos con un departamento de dise\u00f1o, para personalizar sus etiquetas, estuches, cajas.<br>El objetivo de ODRACIR es dar el mejor servicio e incrementar las ventas, establecer una relaci\u00f3n con el cliente, proporcionarle los materiales y servicios que necesita para favorecer y facilitar el trabajo diario en todo el entono de las bodegas. Adem\u00e1s de lo expuesto tambi\u00e9n les ofrecemos un servicio t\u00e9cnico para la maquinaria de su bodega. Somos\u2026 \u00abEl almac\u00e9n de tu bodega\u00bb.<\/p>\n\n\n\n<p class=\"has-text-align-left has-large-font-size\"><strong>Mercado de Ocasi\u00f3n<\/strong><\/p>\n\n\n\n<blockquote class=\"wp-block-quote is-layout-flow wp-block-quote-is-layout-flow\"><p>En <strong><a href=\"http:\/\/elalmacendetubodega.com\/index.html\">ODRACIR, Rioja Alavesa<\/a><\/strong>le ofrecemos un servicio de venta de material de ocasi\u00f3n, o segunda mano, en la maquinaria, y utensilios de bodegas. Todo el material es revisado y puesto a punto para que funcione con todas las garant\u00edas.<\/p><cite><strong><a href=\"mailto:comercialodracir@hotmail.es\">Ricardo Garrido Fernandez. (Director general)<\/a><\/strong><\/cite><\/blockquote>\n\n\n<form role=\"search\" method=\"get\" action=\"https:\/\/elalmacendetubodega.com\/mercado\/\" class=\"wp-block-search__button-outside wp-block-search__icon-button wp-block-search\"    ><label class=\"wp-block-search__label\" for=\"wp-block-search__input-1\" >Buscar<\/label><div class=\"wp-block-search__inside-wrapper\" ><input class=\"wp-block-search__input\" id=\"wp-block-search__input-1\" placeholder=\"\" value=\"\" type=\"search\" name=\"s\" required \/><button aria-label=\"Buscar\" class=\"wp-block-search__button has-icon wp-element-button\" type=\"submit\" ><svg class=\"search-icon\" viewBox=\"0 0 24 24\" width=\"24\" height=\"24\">\n\t\t\t\t\t<path d=\"M13 5c-3.3 0-6 2.7-6 6 0 1.4.5 2.7 1.3 3.7l-3.8 3.8 1.1 1.1 3.8-3.8c1 .8 2.3 1.3 3.7 1.3 3.3 0 6-2.7 6-6S16.3 5 13 5zm0 10.5c-2.5 0-4.5-2-4.5-4.5s2-4.5 4.5-4.5 4.5 2 4.5 4.5-2 4.5-4.5 4.5z\"><\/path>\n\t\t\t\t<\/svg><\/button><\/div><\/form>\n\n\n<p><\/p>\n","protected":false},"excerpt":{"rendered":"<p>ODRACIR Rioja Alavesa, SLU Somos una empresa joven y din\u00e1mica que se adapta a las necesidades de sus clientes. Nos dedicamos a la venta y reparaci\u00f3n de todo tipo de productos y servicios que necesita una bodega. Le hacemos llegar su producto o servicio con la celeridad que usted necesite. Tambi\u00e9n contamos con un departamento [&hellip;]<\/p>\n","protected":false},"author":1,"featured_media":0,"parent":0,"menu_order":0,"comment_status":"closed","ping_status":"closed","template":"","meta":{"footnotes":""},"class_list":["post-326","page","type-page","status-publish","hentry"],"_links":{"self":[{"href":"https:\/\/elalmacendetubodega.com\/mercado\/wp-json\/wp\/v2\/pages\/326","targetHints":{"allow":["GET"]}}],"collection":[{"href":"https:\/\/elalmacendetubodega.com\/mercado\/wp-json\/wp\/v2\/pages"}],"about":[{"href":"https:\/\/elalmacendetubodega.com\/mercado\/wp-json\/wp\/v2\/types\/page"}],"author":[{"embeddable":true,"href":"https:\/\/elalmacendetubodega.com\/mercado\/wp-json\/wp\/v2\/users\/1"}],"replies":[{"embeddable":true,"href":"https:\/\/elalmacendetubodega.com\/mercado\/wp-json\/wp\/v2\/comments?post=326"}],"version-history":[{"count":8,"href":"https:\/\/elalmacendetubodega.com\/mercado\/wp-json\/wp\/v2\/pages\/326\/revisions"}],"predecessor-version":[{"id":363,"href":"https:\/\/elalmacendetubodega.com\/mercado\/wp-json\/wp\/v2\/pages\/326\/revisions\/363"}],"wp:attachment":[{"href":"https:\/\/elalmacendetubodega.com\/mercado\/wp-json\/wp\/v2\/media?parent=326"}],"curies":[{"name":"wp","href":"https:\/\/api.w.org\/{rel}","templated":true}]}}